{"id":2,"date":"2014-04-08T14:05:40","date_gmt":"2014-04-08T14:05:40","guid":{"rendered":"http:\/\/clak.uniroma2.it\/?page_id=2"},"modified":"2019-09-25T12:18:15","modified_gmt":"2019-09-25T10:18:15","slug":"about","status":"publish","type":"page","link":"http:\/\/clak.uniroma2.it\/?page_id=2","title":{"rendered":"Il gruppo"},"content":{"rendered":"<p>Il Consiglio Scientifico \u00e8 composto dai seguenti professori e ricercatori dell&#8217;Universit\u00e0 di Roma Tor Vergata in qualit\u00e0 di soci fondatori :<\/p>\n<p>Coordinatore del Centro: Fabio Massimo Zanzotto (Dipartimento di Ingegneria dell&#8217;Impresa)<\/p>\n<ol>\n<li>Roberto BASILI (<em>Dipartimento di Ingegneria dell\u2019Impresa)<\/em><\/li>\n<li>Luigi BIANCHI (Dipartimento di Ingegneria Civile ed Ingegneria Informatica)<\/li>\n<li>Giovanni COSTANTINI (<em>Dipartimento di Ingegneria Elettronica<\/em>)<\/li>\n<li>Andrea D\u2019AMBROGIO (<em>Dipartimento di Ingegneria dell\u2019Impresa<\/em>)<\/li>\n<li>Giorgio GAMBOSI (<em>Dipartimento di Ingegneria dell\u2019Impresa<\/em>)<\/li>\n<li>Domenica Fioredistella IEZZI (<em>Dipartimento di Scienze Storiche, Filosofico Sociali dei Beni Culturali e del Territorio<\/em>)<\/li>\n<li>Benedetto INTRIGILA (<em>Dipartimento di Ingegneria dell\u2019Impresa<\/em>)<\/li>\n<li>Maria Grazia MARCIANI (<em>Dipartimento di Neuroscienze<\/em>)<\/li>\n<li>Maria Teresa PAZIENZA (<em>Dipartimento di Ingegneria dell\u2019Impresa<\/em>)<\/li>\n<li>Armando STELLATO (<em>Dipartimento di Ingegneria dell\u2019Impresa<\/em>)<\/li>\n<li>Fabio Massimo ZANZOTTO (<em>Dipartimento di Ingegneria dell\u2019Impresa<\/em>)<\/li>\n<\/ol>\n<p>Aderiscono inoltre i colleghi:<\/p>\n<ol>\n<li><span style=\"font-size: 0.83em;\">Franco COTUGNO (<\/span><i style=\"font-size: 0.83em;\">Universit\u00e0 Degli Studi di Napoli Federico II)<\/i><\/li>\n<li><span style=\"font-size: 0.83em;\">Ernesto William DE LUCA (<\/span><em style=\"font-size: 0.83em;\">Fachholchschule Potsdam<\/em><span style=\"font-size: 0.83em;\">)<\/span><\/li>\n<li><span style=\"font-size: 0.83em;\">Alberto PETTOROSSI (<\/span><em style=\"font-size: 0.83em;\">Universit\u00e0 di Roma Tor Vergata<\/em><span style=\"font-size: 0.83em;\">)<\/span><\/li>\n<\/ol>\n<p>&nbsp;<\/p>\n<p>Coordinatori Passati:<\/p>\n<ol>\n<li>Maria Teresa PAZIENZA 2014-2019<\/li>\n<\/ol>\n<p><\/p>","protected":false},"excerpt":{"rendered":"<p>Il Consiglio Scientifico \u00e8 composto dai seguenti professori e ricercatori dell&#8217;Universit\u00e0 di Roma Tor Vergata in qualit\u00e0 di soci fondatori : Coordinatore del Centro: Fabio Massimo Zanzotto (Dipartimento di Ingegneria dell&#8217;Impresa) Roberto BASILI (Dipartimento di Ingegneria dell\u2019Impresa) Luigi BIANCHI (Dipartimento di Ingegneria Civile ed Ingegneria Informatica) Giovanni COSTANTINI (Dipartimento di Ingegneria Elettronica) Andrea D\u2019AMBROGIO (Dipartimento [&hellip;]<\/p>\n","protected":false},"author":1,"featured_media":0,"parent":0,"menu_order":1,"comment_status":"closed","ping_status":"closed","template":"","meta":[],"_links":{"self":[{"href":"http:\/\/clak.uniroma2.it\/index.php?rest_route=\/wp\/v2\/pages\/2"}],"collection":[{"href":"http:\/\/clak.uniroma2.it\/index.php?rest_route=\/wp\/v2\/pages"}],"about":[{"href":"http:\/\/clak.uniroma2.it\/index.php?rest_route=\/wp\/v2\/types\/page"}],"author":[{"embeddable":true,"href":"http:\/\/clak.uniroma2.it\/index.php?rest_route=\/wp\/v2\/users\/1"}],"replies":[{"embeddable":true,"href":"http:\/\/clak.uniroma2.it\/index.php?rest_route=%2Fwp%2Fv2%2Fcomments&post=2"}],"version-history":[{"count":16,"href":"http:\/\/clak.uniroma2.it\/index.php?rest_route=\/wp\/v2\/pages\/2\/revisions"}],"predecessor-version":[{"id":317,"href":"http:\/\/clak.uniroma2.it\/index.php?rest_route=\/wp\/v2\/pages\/2\/revisions\/317"}],"wp:attachment":[{"href":"http:\/\/clak.uniroma2.it\/index.php?rest_route=%2Fwp%2Fv2%2Fmedia&parent=2"}],"curies":[{"name":"wp","href":"https:\/\/api.w.org\/{rel}","templated":true}]}}